{"id":8,"date":"2015-11-05T04:20:21","date_gmt":"2015-11-05T04:20:21","guid":{"rendered":"http:\/\/localhost\/medical\/?page_id=5"},"modified":"2024-03-12T18:54:23","modified_gmt":"2024-03-12T23:54:23","slug":"home1","status":"publish","type":"page","link":"https:\/\/blefaroplastia.cirugiaesteticamendez.com\/","title":{"rendered":"Home 1"},"content":{"rendered":"<div class=\"wpb-content-wrapper\"><p>[vc_row parallax_bg=\u00bbtrue\u00bb css=\u00bb.vc_custom_1702307968277{padding-top: 120px !important;background-image: url(http:\/\/wpdemo.thememodern.com\/medical\/wp-content\/uploads\/sites\/7\/2015\/11\/medical-bg.jpg?id=338) !important;background-position: center !important;background-repeat: no-repeat !important;background-size: cover !important;}\u00bb el_class=\u00bbrelative\u00bb el_id=\u00bbtop\u00bb][vc_column offset=\u00bbvc_col-md-6&#8243;][vc_column_text]<\/p>\n<h1 class=\"headline\">BLEFAROPLASTIA<\/h1>\n<p>[\/vc_column_text][vc_custom_heading text=\u00bbLuce una mirada sin arrugas\u00bb font_container=\u00bbtag:h3|text_align:left\u00bb use_theme_fonts=\u00bbyes\u00bb el_class=\u00bbheadline-support\u00bb][vc_column_text css=\u00bb.vc_custom_1702307902658{margin-top: 20px !important;margin-bottom: 20px !important;}\u00bb]Rejuvenece tu mirada, ofreci\u00e9ndote una apariencia m\u00e1s fresca y descansada. Esta cirug\u00eda elimina el exceso de piel, grasa y m\u00fasculo de los p\u00e1rpados superiores e inferiores, corrigiendo la ca\u00edda y las bolsas que a menudo aparecen con la edad.[\/vc_column_text][vc_btn title=\u00bbReserva una cita\u00bb color=\u00bbinfo\u00bb css=\u00bb.vc_custom_1702390066194{margin-bottom: 100px !important;}\u00bb link=\u00bburl:https%3A%2F%2Fapi.whatsapp.com%2Fsend%2F%3Fphone%3D51999488746%26text%3DHola%2BCl%25C3%25ADnica%2BMendez%2521%2BNecesito%2Bm%25C3%25A1s%2Binformaci%25C3%25B3n%2Bsobre%2Bel%2Btratamiento%2Bde%2BBlefaroplastia.%26type%3Dphone_number%26app_absent%3D0&#8243;][\/vc_column][vc_column offset=\u00bbvc_col-md-6&#8243;][vc_single_image image=\u00bb532&#8243; img_size=\u00bbfull\u00bb el_class=\u00bbimage-align-bottom\u00bb][\/vc_column][\/vc_row][vc_row css=\u00bb.vc_custom_1446802971816{padding-top: 50px !important;padding-bottom: 50px !important;}\u00bb el_id=\u00bbbook\u00bb][vc_column width=\u00bb1\/2&#8243; offset=\u00bbvc_col-md-7&#8243;][vc_column_text el_class=\u00bbsection-title left-aligned\u00bb css=\u00bb.vc_custom_1702336051357{margin-bottom: 30px !important;}\u00bb]<\/p>\n<h2>Cl\u00ednica Ronmy Mendez<\/h2>\n<h3 class=\"subline\">Dra. Ronmy Mendez<\/h3>\n<hr \/>\n<p>Nuestro tratamiento de blefaroplastia es seguro y efectivo, que promete resultados naturales, devolvi\u00e9ndote la vitalidad y juventud de tu mirada. Ideal para quienes buscan mejorar su apariencia con un toque sutil pero impactante.<\/p>\n<ul class=\"list-unstyled checklist\">\n<li><i class=\"fa fa-check\"><\/i> Atenci\u00f3n personalizada<\/li>\n<li><i class=\"fa fa-check\"><\/i> Mejores resultados<\/li>\n<li><i class=\"fa fa-check\"><\/i> Seguridad<\/li>\n<li><i class=\"fa fa-check\"><\/i> Profesionales certificados<\/li>\n<\/ul>\n<p>[\/vc_column_text][vc_single_image image=\u00bb536&#8243; img_size=\u00bbfull\u00bb alignment=\u00bbcenter\u00bb][\/vc_column][vc_column width=\u00bb1\/2&#8243; offset=\u00bbvc_col-md-5&#8243;]\n<div class=\"wpcf7 no-js\" id=\"wpcf7-f529-o1\" lang=\"en-US\" dir=\"ltr\" data-wpcf7-id=\"529\">\n<div class=\"screen-reader-response\"><p role=\"status\" aria-live=\"polite\" aria-atomic=\"true\"><\/p> <ul><\/ul><\/div>\n<form action=\"\/index.php\/wp-json\/wp\/v2\/pages\/8#wpcf7-f529-o1\" method=\"post\" class=\"wpcf7-form init\" aria-label=\"Contact form\" novalidate=\"novalidate\" data-status=\"init\">\n<fieldset class=\"hidden-fields-container\"><input type=\"hidden\" name=\"_wpcf7\" value=\"529\" \/><input type=\"hidden\" name=\"_wpcf7_version\" value=\"6.1.4\" \/><input type=\"hidden\" name=\"_wpcf7_locale\" value=\"en_US\" \/><input type=\"hidden\" name=\"_wpcf7_unit_tag\" value=\"wpcf7-f529-o1\" \/><input type=\"hidden\" name=\"_wpcf7_container_post\" value=\"0\" \/><input type=\"hidden\" name=\"_wpcf7_posted_data_hash\" value=\"\" \/>\n<\/fieldset>\n<div class=\"appointment-form\">\n\t<div class=\"form-header\">\n\t\t<h4>RESERVA TU CITA\n\t\t<\/h4>\n\t\t<p><a href=\"tel:01999488746\">Llamar a: (+51) 999 488 746<\/a>\n\t\t<\/p>\n\t\t<div class=\"or_icon\">\n\t\t\t<p>O\n\t\t\t<\/p>\n\t\t<\/div>\n\t<\/div>\n\t<div class=\"form-group\">\n\t\t<p><label>Nombres<\/label><br \/>\n<span class=\"wpcf7-form-control-wrap\" data-name=\"your-name\"><input size=\"40\" maxlength=\"400\" class=\"wpcf7-form-control wpcf7-text wpcf7-validates-as-required form-control\" aria-required=\"true\" aria-invalid=\"false\" value=\"\" type=\"text\" name=\"your-name\" \/><\/span>\n\t\t<\/p>\n\t<\/div>\n\t<div class=\"form-group\">\n\t\t<p><label>Correo<\/label><br \/>\n<span class=\"wpcf7-form-control-wrap\" data-name=\"your-email\"><input size=\"40\" maxlength=\"400\" class=\"wpcf7-form-control wpcf7-email wpcf7-validates-as-required wpcf7-text wpcf7-validates-as-email form-control\" aria-required=\"true\" aria-invalid=\"false\" value=\"\" type=\"email\" name=\"your-email\" \/><\/span>\n\t\t<\/p>\n\t<\/div>\n\t<div class=\"form-group\">\n\t\t<p><label>Telefono<\/label><br \/>\n<span class=\"wpcf7-form-control-wrap\" data-name=\"your-phone\"><input size=\"40\" maxlength=\"400\" class=\"wpcf7-form-control wpcf7-tel wpcf7-validates-as-required wpcf7-text wpcf7-validates-as-tel form-control\" aria-required=\"true\" aria-invalid=\"false\" value=\"\" type=\"tel\" name=\"your-phone\" \/><\/span>\n\t\t<\/p>\n\t<\/div>\n\t<div class=\"form-group\" id=\"human_date\">\n\t\t<p><label>Agenda tu horario<\/label>\n\t\t<\/p>\n\t\t<div id=\"datetimepicker\" class=\"input-append date\">\n\t\t\t<p><span class=\"wpcf7-form-control-wrap\" data-name=\"datetime\"><input size=\"40\" maxlength=\"400\" class=\"wpcf7-form-control wpcf7-text wpcf7-validates-as-required form-control\" aria-required=\"true\" aria-invalid=\"false\" value=\"\" type=\"text\" name=\"datetime\" \/><\/span>\n\t\t\t<\/p>\n\t\t<\/div>\n\t<\/div>\n\t<div class=\"form-group\">\n\t\t<p><label>Informaci\u00f3n adicional<\/label><small class=\"text-muted\">(optional)<\/small><br \/>\n<span class=\"wpcf7-form-control-wrap\" data-name=\"your-message\"><textarea cols=\"40\" rows=\"10\" maxlength=\"2000\" class=\"wpcf7-form-control wpcf7-textarea form-control\" aria-invalid=\"false\" name=\"your-message\"><\/textarea><\/span>\n\t\t<\/p>\n\t<\/div>\n\t<div class=\"text-center form-group\">\n\t\t<p><input class=\"wpcf7-form-control wpcf7-submit has-spinner btn btn-success btn-block btn-xl\" type=\"submit\" value=\"Reservar Cita\" \/><small class=\"text-muted\"><\/small>\n\t\t<\/p>\n\t<\/div>\n<\/div><div class=\"wpcf7-response-output\" aria-hidden=\"true\"><\/div>\n<\/form>\n<\/div>\n[\/vc_column][\/vc_row][vc_row css=\u00bb.vc_custom_1446802978816{padding-top: 30px !important;padding-bottom: 70px !important;background-color: #fafafa !important;}\u00bb el_id=\u00bbservices\u00bb][vc_column][vc_column_text el_class=\u00bbsection-title\u00bb css=\u00bb.vc_custom_1702308693843{padding-bottom: 30px !important;}\u00bb]<\/p>\n<h2 style=\"text-align: center;\">RESULTADOS DE NUESTRO TRATAMIENTO<\/h2>\n<hr \/>\n<p>[\/vc_column_text][vc_row_inner][vc_column_inner width=\u00bb1\/4&#8243;][vc_single_image image=\u00bb542&#8243; img_size=\u00bb\u00bb][\/vc_column_inner][vc_column_inner width=\u00bb1\/4&#8243;][vc_single_image image=\u00bb541&#8243; img_size=\u00bb\u00bb][\/vc_column_inner][vc_column_inner width=\u00bb1\/4&#8243;][vc_single_image image=\u00bb540&#8243; img_size=\u00bb\u00bb][\/vc_column_inner][vc_column_inner width=\u00bb1\/4&#8243;][vc_single_image image=\u00bb539&#8243; img_size=\u00bb\u00bb][\/vc_column_inner][\/vc_row_inner][vc_row_inner][vc_column_inner width=\u00bb1\/4&#8243;][\/vc_column_inner][vc_column_inner width=\u00bb1\/4&#8243;][vc_single_image image=\u00bb538&#8243; img_size=\u00bb\u00bb][\/vc_column_inner][vc_column_inner width=\u00bb1\/4&#8243;][vc_single_image image=\u00bb537&#8243; img_size=\u00bb\u00bb][\/vc_column_inner][vc_column_inner width=\u00bb1\/4&#8243;][\/vc_column_inner][\/vc_row_inner][\/vc_column][\/vc_row][vc_row css=\u00bb.vc_custom_1446802984885{padding-top: 30px !important;padding-bottom: 70px !important;}\u00bb el_id=\u00bbvideo\u00bb][vc_column][vc_column_text el_class=\u00bbsection-title\u00bb css=\u00bb.vc_custom_1702326660647{padding-bottom: 30px !important;}\u00bb]<\/p>\n<h2 style=\"text-align: center;\">VIDEO<\/h2>\n<h3 class=\"subline\" style=\"text-align: center;\">Conoce m\u00e1s informaci\u00f3n sobre nuestra cl\u00ednica.<\/h3>\n<hr \/>\n<p>[\/vc_column_text][\/vc_column][vc_column offset=\u00bbvc_col-lg-offset-2 vc_col-md-offset-2 vc_col-md-8&#8243;][vc_video link=\u00bbhttps:\/\/www.youtube.com\/watch?v=SOwEVbdqYJY&#038;t=11s\u00bb][\/vc_column][\/vc_row][vc_row css=\u00bb.vc_custom_1446781331709{padding-top: 30px !important;padding-bottom: 70px !important;}\u00bb el_class=\u00bbtext-center\u00bb][vc_column][vc_column_text el_class=\u00bbsection-title\u00bb css=\u00bb.vc_custom_1702336072493{padding-bottom: 30px !important;}\u00bb]<\/p>\n<h2 style=\"text-align: center;\">RESERVA TU CONSULTA AHORA<\/h2>\n<h3 class=\"subline\" style=\"text-align: center;\"><em><strong>\u00a1Transforma tu mirada con la blefaroplastia y luce un aspecto m\u00e1s joven y radiante!.<\/strong><\/em><\/h3>\n<hr \/>\n<p>[\/vc_column_text]\t  <a href=\"https:\/\/api.whatsapp.com\/send\/?phone=51999488746&#038;text=Deseo+informaci%C3%B3n+www.cirugiaesteticamendez.com&#038;type=phone_number&#038;app_absent=0\" class=\"btn btn-xl btn-success\">RESERVAR CITA<\/a>\r\n  \r\n  [vc_column_text css=\u00bb.vc_custom_1710275088616{margin-top: 20px !important;margin-bottom: 20px !important;}\u00bb]or ll\u00e1manos : <a href=\"tel:01999488746\">+01 999 488 746<\/a>[\/vc_column_text][\/vc_column][\/vc_row][vc_row css=\u00bb.vc_custom_1447745952152{padding-top: 20px !important;padding-bottom: 30px !important;background-color: #fafafa !important;}\u00bb el_id=\u00bbcontact\u00bb el_class=\u00bbcontact\u00bb][vc_column width=\u00bb1\/3&#8243;][vc_column_text]<span class=\"text-highlight\"><strong>Direcci\u00f3n<\/strong><\/span><br \/>\nJr Alexander Fleming 103 San Borja, referencia espalda cuadra 3 de Av. San Borja Sur lado n\u00fameros pares. Lima, Per\u00fa[\/vc_column_text][\/vc_column][vc_column width=\u00bb1\/3&#8243;][vc_column_text]<span class=\"text-highlight\"><strong>Contacto<\/strong><\/span><br \/>\n<a href=\"tel:999488746\">+51 999 488 746<\/a><br \/>\n<a href=\"mailto:consultas@cirugiaesteticamendez.com\">consultas@cirugiaesteticamendez.com<\/a>[\/vc_column_text][\/vc_column][vc_column width=\u00bb1\/3&#8243;][vc_column_text]<span class=\"text-highlight\"><strong>Horario de atenci\u00f3n<\/strong><\/span><br \/>\nlun \u2013 vie 9 a.m a 7 p.m.<br \/>\nSab \u2013 Dom 08:00 a.m to 1 p.m.[\/vc_column_text][\/vc_column][\/vc_row]<\/p>\n<\/div>","protected":false},"excerpt":{"rendered":"<p>[vc_row parallax_bg=\u00bbtrue\u00bb css=\u00bb.vc_custom_1702307968277{padding-top: 120px !important;background-image: url(http:\/\/wpdemo.thememodern.com\/medical\/wp-content\/uploads\/sites\/7\/2015\/11\/medical-bg.jpg?id=338) !important;background-position: center !important;background-repeat: no-repeat !important;background-size: cover !important;}\u00bb el_class=\u00bbrelative\u00bb el_id=\u00bbtop\u00bb][vc_column offset=\u00bbvc_col-md-6&#8243;][vc_column_text] BLEFAROPLASTIA [\/vc_column_text][vc_custom_heading text=\u00bbLuce una mirada sin arrugas\u00bb font_container=\u00bbtag:h3|text_align:left\u00bb use_theme_fonts=\u00bbyes\u00bb el_class=\u00bbheadline-support\u00bb][vc_column_text css=\u00bb.vc_custom_1702307902658{margin-top: 20px !important;margin-bottom: 20px !important;}\u00bb]Rejuvenece tu mirada, ofreci\u00e9ndote una apariencia m\u00e1s fresca y descansada. Esta cirug\u00eda elimina el exceso de piel, grasa y m\u00fasculo de los p\u00e1rpados superiores e [&hellip;]<\/p>\n","protected":false},"author":1,"featured_media":0,"parent":0,"menu_order":0,"comment_status":"closed","ping_status":"closed","template":"page-templates\/template-canvas.php","meta":{"_joinchat":[],"footnotes":""},"class_list":["post-8","page","type-page","status-publish","hentry"],"yoast_head":"<!-- This site is optimized with the Yoast SEO plugin v26.2 - https:\/\/yoast.com\/wordpress\/plugins\/seo\/ -->\n<title>Home 1 - Blefaroplastia en Lima | Cl\u00ednica Est\u00e9tica Ronmy Mendez<\/title>\n<meta name=\"robots\" content=\"index, follow, max-snippet:-1, max-image-preview:large, max-video-preview:-1\" \/>\n<link rel=\"canonical\" href=\"https:\/\/blefaroplastia.cirugiaesteticamendez.com\/\" \/>\n<meta property=\"og:locale\" content=\"es_ES\" \/>\n<meta property=\"og:type\" content=\"article\" \/>\n<meta property=\"og:title\" content=\"Home 1 - Blefaroplastia en Lima | Cl\u00ednica Est\u00e9tica Ronmy Mendez\" \/>\n<meta property=\"og:description\" content=\"[vc_row parallax_bg=\u00bbtrue\u00bb css=\u00bb.vc_custom_1702307968277{padding-top: 120px !important;background-image: url(http:\/\/wpdemo.thememodern.com\/medical\/wp-content\/uploads\/sites\/7\/2015\/11\/medical-bg.jpg?id=338) !important;background-position: center !important;background-repeat: no-repeat !important;background-size: cover !important;}\u00bb el_class=\u00bbrelative\u00bb el_id=\u00bbtop\u00bb][vc_column offset=\u00bbvc_col-md-6&#8243;][vc_column_text] BLEFAROPLASTIA [\/vc_column_text][vc_custom_heading text=\u00bbLuce una mirada sin arrugas\u00bb font_container=\u00bbtag:h3|text_align:left\u00bb use_theme_fonts=\u00bbyes\u00bb el_class=\u00bbheadline-support\u00bb][vc_column_text css=\u00bb.vc_custom_1702307902658{margin-top: 20px !important;margin-bottom: 20px !important;}\u00bb]Rejuvenece tu mirada, ofreci\u00e9ndote una apariencia m\u00e1s fresca y descansada. Esta cirug\u00eda elimina el exceso de piel, grasa y m\u00fasculo de los p\u00e1rpados superiores e [&hellip;]\" \/>\n<meta property=\"og:url\" content=\"https:\/\/blefaroplastia.cirugiaesteticamendez.com\/\" \/>\n<meta property=\"og:site_name\" content=\"Blefaroplastia en Lima | Cl\u00ednica Est\u00e9tica Ronmy Mendez\" \/>\n<meta property=\"article:modified_time\" content=\"2024-03-12T23:54:23+00:00\" \/>\n<meta name=\"twitter:card\" content=\"summary_large_image\" \/>\n<meta name=\"twitter:label1\" content=\"Est. reading time\" \/>\n\t<meta name=\"twitter:data1\" content=\"4 minutos\" \/>\n<script type=\"application\/ld+json\" class=\"yoast-schema-graph\">{\"@context\":\"https:\/\/schema.org\",\"@graph\":[{\"@type\":\"WebPage\",\"@id\":\"https:\/\/blefaroplastia.cirugiaesteticamendez.com\/\",\"url\":\"https:\/\/blefaroplastia.cirugiaesteticamendez.com\/\",\"name\":\"Home 1 - Blefaroplastia en Lima | Cl\u00ednica Est\u00e9tica Ronmy Mendez\",\"isPartOf\":{\"@id\":\"https:\/\/blefaroplastia.cirugiaesteticamendez.com\/#website\"},\"datePublished\":\"2015-11-05T04:20:21+00:00\",\"dateModified\":\"2024-03-12T23:54:23+00:00\",\"breadcrumb\":{\"@id\":\"https:\/\/blefaroplastia.cirugiaesteticamendez.com\/#breadcrumb\"},\"inLanguage\":\"es-PE\",\"potentialAction\":[{\"@type\":\"ReadAction\",\"target\":[\"https:\/\/blefaroplastia.cirugiaesteticamendez.com\/\"]}]},{\"@type\":\"BreadcrumbList\",\"@id\":\"https:\/\/blefaroplastia.cirugiaesteticamendez.com\/#breadcrumb\",\"itemListElement\":[{\"@type\":\"ListItem\",\"position\":1,\"name\":\"Portada\",\"item\":\"https:\/\/blefaroplastia.cirugiaesteticamendez.com\/\"},{\"@type\":\"ListItem\",\"position\":2,\"name\":\"Home 1\"}]},{\"@type\":\"WebSite\",\"@id\":\"https:\/\/blefaroplastia.cirugiaesteticamendez.com\/#website\",\"url\":\"https:\/\/blefaroplastia.cirugiaesteticamendez.com\/\",\"name\":\"Blefaroplastia en Lima | Cl\u00ednica Est\u00e9tica Ronmy Mendez\",\"description\":\"\",\"potentialAction\":[{\"@type\":\"SearchAction\",\"target\":{\"@type\":\"EntryPoint\",\"urlTemplate\":\"https:\/\/blefaroplastia.cirugiaesteticamendez.com\/?s={search_term_string}\"},\"query-input\":{\"@type\":\"PropertyValueSpecification\",\"valueRequired\":true,\"valueName\":\"search_term_string\"}}],\"inLanguage\":\"es-PE\"}]}<\/script>\n<!-- \/ Yoast SEO plugin. -->","yoast_head_json":{"title":"Home 1 - Blefaroplastia en Lima | Cl\u00ednica Est\u00e9tica Ronmy Mendez","robots":{"index":"index","follow":"follow","max-snippet":"max-snippet:-1","max-image-preview":"max-image-preview:large","max-video-preview":"max-video-preview:-1"},"canonical":"https:\/\/blefaroplastia.cirugiaesteticamendez.com\/","og_locale":"es_ES","og_type":"article","og_title":"Home 1 - Blefaroplastia en Lima | Cl\u00ednica Est\u00e9tica Ronmy Mendez","og_description":"[vc_row parallax_bg=\u00bbtrue\u00bb css=\u00bb.vc_custom_1702307968277{padding-top: 120px !important;background-image: url(http:\/\/wpdemo.thememodern.com\/medical\/wp-content\/uploads\/sites\/7\/2015\/11\/medical-bg.jpg?id=338) !important;background-position: center !important;background-repeat: no-repeat !important;background-size: cover !important;}\u00bb el_class=\u00bbrelative\u00bb el_id=\u00bbtop\u00bb][vc_column offset=\u00bbvc_col-md-6&#8243;][vc_column_text] BLEFAROPLASTIA [\/vc_column_text][vc_custom_heading text=\u00bbLuce una mirada sin arrugas\u00bb font_container=\u00bbtag:h3|text_align:left\u00bb use_theme_fonts=\u00bbyes\u00bb el_class=\u00bbheadline-support\u00bb][vc_column_text css=\u00bb.vc_custom_1702307902658{margin-top: 20px !important;margin-bottom: 20px !important;}\u00bb]Rejuvenece tu mirada, ofreci\u00e9ndote una apariencia m\u00e1s fresca y descansada. Esta cirug\u00eda elimina el exceso de piel, grasa y m\u00fasculo de los p\u00e1rpados superiores e [&hellip;]","og_url":"https:\/\/blefaroplastia.cirugiaesteticamendez.com\/","og_site_name":"Blefaroplastia en Lima | Cl\u00ednica Est\u00e9tica Ronmy Mendez","article_modified_time":"2024-03-12T23:54:23+00:00","twitter_card":"summary_large_image","twitter_misc":{"Est. reading time":"4 minutos"},"schema":{"@context":"https:\/\/schema.org","@graph":[{"@type":"WebPage","@id":"https:\/\/blefaroplastia.cirugiaesteticamendez.com\/","url":"https:\/\/blefaroplastia.cirugiaesteticamendez.com\/","name":"Home 1 - Blefaroplastia en Lima | Cl\u00ednica Est\u00e9tica Ronmy Mendez","isPartOf":{"@id":"https:\/\/blefaroplastia.cirugiaesteticamendez.com\/#website"},"datePublished":"2015-11-05T04:20:21+00:00","dateModified":"2024-03-12T23:54:23+00:00","breadcrumb":{"@id":"https:\/\/blefaroplastia.cirugiaesteticamendez.com\/#breadcrumb"},"inLanguage":"es-PE","potentialAction":[{"@type":"ReadAction","target":["https:\/\/blefaroplastia.cirugiaesteticamendez.com\/"]}]},{"@type":"BreadcrumbList","@id":"https:\/\/blefaroplastia.cirugiaesteticamendez.com\/#breadcrumb","itemListElement":[{"@type":"ListItem","position":1,"name":"Portada","item":"https:\/\/blefaroplastia.cirugiaesteticamendez.com\/"},{"@type":"ListItem","position":2,"name":"Home 1"}]},{"@type":"WebSite","@id":"https:\/\/blefaroplastia.cirugiaesteticamendez.com\/#website","url":"https:\/\/blefaroplastia.cirugiaesteticamendez.com\/","name":"Blefaroplastia en Lima | Cl\u00ednica Est\u00e9tica Ronmy Mendez","description":"","potentialAction":[{"@type":"SearchAction","target":{"@type":"EntryPoint","urlTemplate":"https:\/\/blefaroplastia.cirugiaesteticamendez.com\/?s={search_term_string}"},"query-input":{"@type":"PropertyValueSpecification","valueRequired":true,"valueName":"search_term_string"}}],"inLanguage":"es-PE"}]}},"_links":{"self":[{"href":"https:\/\/blefaroplastia.cirugiaesteticamendez.com\/index.php\/wp-json\/wp\/v2\/pages\/8","targetHints":{"allow":["GET"]}}],"collection":[{"href":"https:\/\/blefaroplastia.cirugiaesteticamendez.com\/index.php\/wp-json\/wp\/v2\/pages"}],"about":[{"href":"https:\/\/blefaroplastia.cirugiaesteticamendez.com\/index.php\/wp-json\/wp\/v2\/types\/page"}],"author":[{"embeddable":true,"href":"https:\/\/blefaroplastia.cirugiaesteticamendez.com\/index.php\/wp-json\/wp\/v2\/users\/1"}],"replies":[{"embeddable":true,"href":"https:\/\/blefaroplastia.cirugiaesteticamendez.com\/index.php\/wp-json\/wp\/v2\/comments?post=8"}],"version-history":[{"count":14,"href":"https:\/\/blefaroplastia.cirugiaesteticamendez.com\/index.php\/wp-json\/wp\/v2\/pages\/8\/revisions"}],"predecessor-version":[{"id":570,"href":"https:\/\/blefaroplastia.cirugiaesteticamendez.com\/index.php\/wp-json\/wp\/v2\/pages\/8\/revisions\/570"}],"wp:attachment":[{"href":"https:\/\/blefaroplastia.cirugiaesteticamendez.com\/index.php\/wp-json\/wp\/v2\/media?parent=8"}],"curies":[{"name":"wp","href":"https:\/\/api.w.org\/{rel}","templated":true}]}}